{"id":161,"date":"2022-10-08T07:11:58","date_gmt":"2022-10-08T07:11:58","guid":{"rendered":"https:\/\/mklubben.no\/?page_id=161"},"modified":"2026-02-11T15:51:36","modified_gmt":"2026-02-11T15:51:36","slug":"bli-medlem","status":"publish","type":"page","link":"https:\/\/mklubben.no\/?page_id=161","title":{"rendered":"Bli medlem"},"content":{"rendered":"<p><strong>Hvordan bli medlem?<\/strong><\/p>\n<ul>\n<li>Aller f\u00f8rst, s\u00f8k om medlemskap<strong><br \/>\n<\/strong>Trinn 1: Send oss ditt fulle navn, din epost og aller viktigst &#8211; fortell oss n\u00e5r du gikk p\u00e5 NHH!<br \/>\nSend dette til oss p\u00e5 epost, klikk <strong><a href=\"mailto:nhhmiljoklubben@gmail.com\">HER<\/a><br \/>\n<\/strong>Trinn 2: S\u00f8k deg samtidig inn i v\u00e5r lukkede Facebookgruppe, klikk <strong><a class=\"customize-unpreviewable\" href=\"https:\/\/www.facebook.com\/groups\/8144817270\">HER<\/a><br \/>\n<\/strong>Trinn 3: N\u00e5r du er tatt opp som medlem, betaler du kontingenten<\/li>\n<\/ul>\n<p><strong>Hva koster det \u00e5 v\u00e6re medlem?<\/strong><\/p>\n<ul>\n<li>Medlemskontingenten er kr 300 per \u00e5r<br \/>\nVIPPS til Milj\u00f8klubben (eller 574504), eventuelt betal til bankkonto 7058 63 61722 etter at du har blitt innlemmet i klubben<\/li>\n<\/ul>\n<p>&nbsp;<\/p>\n","protected":false},"excerpt":{"rendered":"<p>Hvordan bli medlem? Aller f\u00f8rst, s\u00f8k om medlemskap Trinn 1: Send oss ditt fulle navn, din epost og aller viktigst &#8211; fortell oss n\u00e5r du gikk p\u00e5 NHH! Send dette til oss p\u00e5 epost, klikk HER Trinn 2: S\u00f8k deg samtidig inn i v\u00e5r lukkede Facebookgruppe, klikk HER Trinn 3: N\u00e5r du er tatt opp &hellip; <\/p>\n<p class=\"link-more\"><a href=\"https:\/\/mklubben.no\/?page_id=161\" class=\"more-link\">Fortsett \u00e5 lese<span class=\"screen-reader-text\"> \u00abBli medlem\u00bb<\/span><\/a><\/p>\n","protected":false},"author":2,"featured_media":0,"parent":0,"menu_order":0,"comment_status":"closed","ping_status":"closed","template":"","meta":{"footnotes":""},"class_list":["post-161","page","type-page","status-publish","hentry"],"_links":{"self":[{"href":"https:\/\/mklubben.no\/index.php?rest_route=\/wp\/v2\/pages\/161","targetHints":{"allow":["GET"]}}],"collection":[{"href":"https:\/\/mklubben.no\/index.php?rest_route=\/wp\/v2\/pages"}],"about":[{"href":"https:\/\/mklubben.no\/index.php?rest_route=\/wp\/v2\/types\/page"}],"author":[{"embeddable":true,"href":"https:\/\/mklubben.no\/index.php?rest_route=\/wp\/v2\/users\/2"}],"replies":[{"embeddable":true,"href":"https:\/\/mklubben.no\/index.php?rest_route=%2Fwp%2Fv2%2Fcomments&post=161"}],"version-history":[{"count":19,"href":"https:\/\/mklubben.no\/index.php?rest_route=\/wp\/v2\/pages\/161\/revisions"}],"predecessor-version":[{"id":462,"href":"https:\/\/mklubben.no\/index.php?rest_route=\/wp\/v2\/pages\/161\/revisions\/462"}],"wp:attachment":[{"href":"https:\/\/mklubben.no\/index.php?rest_route=%2Fwp%2Fv2%2Fmedia&parent=161"}],"curies":[{"name":"wp","href":"https:\/\/api.w.org\/{rel}","templated":true}]}}