{"id":182,"date":"2022-10-08T07:56:28","date_gmt":"2022-10-08T07:56:28","guid":{"rendered":"https:\/\/mklubben.no\/?page_id=182"},"modified":"2022-10-08T08:45:53","modified_gmt":"2022-10-08T08:45:53","slug":"opprinnelsen","status":"publish","type":"page","link":"https:\/\/mklubben.no\/?page_id=182","title":{"rendered":"Opprinnelsen"},"content":{"rendered":"<p>Tidlig p\u00e5 80-tallet savnet noen relativt ferske sivil\u00f8konomer b\u00e5de hverandre og selve studentmilj\u00f8et s\u00e5 mye at de tok grep og stiftet Milj\u00f8klubben SIOT. Det vi alle n\u00e5 i dag kun kaller Milj\u00f8klubben.<\/p>\n<p>Et navn, som allerede den gang var et hav foran sin tid. B\u00e6rekraftig, s\u00e5 det holder, men alts\u00e5 lite gr\u00f8nt over det \u2013 det er samholdet, stemningen, fellesskapet og gleden over \u00e5 treffe sine likesinnede det dreier seg om.<\/p>\n<p>Hva SIOT st\u00e5r for? Success In Our Time.<br \/>\nI all beskjedenhet.<\/p>\n","protected":false},"excerpt":{"rendered":"<p>Tidlig p\u00e5 80-tallet savnet noen relativt ferske sivil\u00f8konomer b\u00e5de hverandre og selve studentmilj\u00f8et s\u00e5 mye at de tok grep og stiftet Milj\u00f8klubben SIOT. Det vi alle n\u00e5 i dag kun kaller Milj\u00f8klubben. Et navn, som allerede den gang var et hav foran sin tid. B\u00e6rekraftig, s\u00e5 det holder, men alts\u00e5 lite gr\u00f8nt over det \u2013 &hellip; <\/p>\n<p class=\"link-more\"><a href=\"https:\/\/mklubben.no\/?page_id=182\" class=\"more-link\">Fortsett \u00e5 lese<span class=\"screen-reader-text\"> \u00abOpprinnelsen\u00bb<\/span><\/a><\/p>\n","protected":false},"author":2,"featured_media":0,"parent":0,"menu_order":0,"comment_status":"closed","ping_status":"closed","template":"","meta":{"footnotes":""},"class_list":["post-182","page","type-page","status-publish","hentry"],"_links":{"self":[{"href":"https:\/\/mklubben.no\/index.php?rest_route=\/wp\/v2\/pages\/182","targetHints":{"allow":["GET"]}}],"collection":[{"href":"https:\/\/mklubben.no\/index.php?rest_route=\/wp\/v2\/pages"}],"about":[{"href":"https:\/\/mklubben.no\/index.php?rest_route=\/wp\/v2\/types\/page"}],"author":[{"embeddable":true,"href":"https:\/\/mklubben.no\/index.php?rest_route=\/wp\/v2\/users\/2"}],"replies":[{"embeddable":true,"href":"https:\/\/mklubben.no\/index.php?rest_route=%2Fwp%2Fv2%2Fcomments&post=182"}],"version-history":[{"count":2,"href":"https:\/\/mklubben.no\/index.php?rest_route=\/wp\/v2\/pages\/182\/revisions"}],"predecessor-version":[{"id":189,"href":"https:\/\/mklubben.no\/index.php?rest_route=\/wp\/v2\/pages\/182\/revisions\/189"}],"wp:attachment":[{"href":"https:\/\/mklubben.no\/index.php?rest_route=%2Fwp%2Fv2%2Fmedia&parent=182"}],"curies":[{"name":"wp","href":"https:\/\/api.w.org\/{rel}","templated":true}]}}