{"id":38,"date":"2022-10-04T16:47:21","date_gmt":"2022-10-04T16:47:21","guid":{"rendered":"https:\/\/mklubben.no\/?page_id=38"},"modified":"2025-12-08T13:48:25","modified_gmt":"2025-12-08T13:48:25","slug":"om-oss","status":"publish","type":"page","link":"https:\/\/mklubben.no\/","title":{"rendered":"Om oss"},"content":{"rendered":"<p>Milj\u00f8klubben ble stiftet i 1980 og driftes p\u00e5 frivillig basis av ivrige sjeler; en gjeng sivil\u00f8konomer som tilbrakte \u00e5revis i Sandviken, men som n\u00e5 hovedsaklig befinner seg i hovedstaden.<\/p>\n<p><strong>N\u00e5v\u00e6rende styre best\u00e5r av:<\/strong><\/p>\n<ul>\n<li><span style=\"font-size: 1rem;\">Kari Kj\u00f8ll (leder) &#8211; 1978 kullet<\/span><\/li>\n<li>Siri Farstad &#8211; 1980 kullet<\/li>\n<li>Morten Eriksen-Deinoff &#8211; 1976 kullet<\/li>\n<li>Ove Tysnes &#8211; 1975 kullet<\/li>\n<li>Ida Berg Hauge &#8211; 1980 kullet<\/li>\n<li>Preben Svendsen &#8211; 1984 kullet<\/li>\n<li>Leif Veggum &#8211; 1976 kullet<\/li>\n<li style=\"text-align: left;\">Brita Eilertsen\u00a0 &#8211; 1982 kullet<\/li>\n<li>Elisabeth Realfsen &#8211; 1980 kullet<\/li>\n<li>H\u00e5vard Nesheim &#8211; 1981 kullet<\/li>\n<\/ul>\n<p>I tillegg har vi egen <strong>regnskapsf\u00f8rer<\/strong>; Helen Sterud (79-kullet)<\/p>\n<p>og <strong style=\"font-size: 1rem;\">\u00a0revisor <\/strong>P\u00e5l Sesseng (80-kullet)<\/p>\n","protected":false},"excerpt":{"rendered":"<p>Milj\u00f8klubben ble stiftet i 1980 og driftes p\u00e5 frivillig basis av ivrige sjeler; en gjeng sivil\u00f8konomer som tilbrakte \u00e5revis i Sandviken, men som n\u00e5 hovedsaklig befinner seg i hovedstaden. N\u00e5v\u00e6rende styre best\u00e5r av: Kari Kj\u00f8ll (leder) &#8211; 1978 kullet Siri Farstad &#8211; 1980 kullet Morten Eriksen-Deinoff &#8211; 1976 kullet Ove Tysnes &#8211; 1975 kullet Ida &hellip; <\/p>\n<p class=\"link-more\"><a href=\"https:\/\/mklubben.no\/\" class=\"more-link\">Fortsett \u00e5 lese<span class=\"screen-reader-text\"> \u00abOm oss\u00bb<\/span><\/a><\/p>\n","protected":false},"author":2,"featured_media":0,"parent":0,"menu_order":1,"comment_status":"closed","ping_status":"closed","template":"","meta":{"footnotes":""},"class_list":["post-38","page","type-page","status-publish","hentry"],"_links":{"self":[{"href":"https:\/\/mklubben.no\/index.php?rest_route=\/wp\/v2\/pages\/38","targetHints":{"allow":["GET"]}}],"collection":[{"href":"https:\/\/mklubben.no\/index.php?rest_route=\/wp\/v2\/pages"}],"about":[{"href":"https:\/\/mklubben.no\/index.php?rest_route=\/wp\/v2\/types\/page"}],"author":[{"embeddable":true,"href":"https:\/\/mklubben.no\/index.php?rest_route=\/wp\/v2\/users\/2"}],"replies":[{"embeddable":true,"href":"https:\/\/mklubben.no\/index.php?rest_route=%2Fwp%2Fv2%2Fcomments&post=38"}],"version-history":[{"count":53,"href":"https:\/\/mklubben.no\/index.php?rest_route=\/wp\/v2\/pages\/38\/revisions"}],"predecessor-version":[{"id":452,"href":"https:\/\/mklubben.no\/index.php?rest_route=\/wp\/v2\/pages\/38\/revisions\/452"}],"wp:attachment":[{"href":"https:\/\/mklubben.no\/index.php?rest_route=%2Fwp%2Fv2%2Fmedia&parent=38"}],"curies":[{"name":"wp","href":"https:\/\/api.w.org\/{rel}","templated":true}]}}