{"id":98,"date":"2022-10-06T15:51:21","date_gmt":"2022-10-06T15:51:21","guid":{"rendered":"https:\/\/mklubben.no\/?page_id=98"},"modified":"2024-09-13T11:00:38","modified_gmt":"2024-09-13T11:00:38","slug":"dette-gjor-miljoklubben","status":"publish","type":"page","link":"https:\/\/mklubben.no\/?page_id=98","title":{"rendered":"Fortsettelsen &#8211; dette gj\u00f8r vi n\u00e5"},"content":{"rendered":"<p>Vi tilbyr f\u00f8rst og fremst en herlig m\u00f8teplass i Oslo, mest sosialt \u2013 av til litt faglig og noen sportslige. Det har vi gjort i over 40 \u00e5r.<\/p>\n<figure id=\"attachment_44\" aria-describedby=\"caption-attachment-44\" style=\"width: 633px\" class=\"wp-caption alignnone\"><img loading=\"lazy\" decoding=\"async\" class=\"wp-image-44\" src=\"https:\/\/mklubben.no\/wp-content\/uploads\/2022\/10\/cropped-277750884_10160029533297953_2569884462980306071_n-1-300x118.jpg\" alt=\"\" width=\"633\" height=\"249\" srcset=\"https:\/\/mklubben.no\/wp-content\/uploads\/2022\/10\/cropped-277750884_10160029533297953_2569884462980306071_n-1-300x118.jpg 300w, https:\/\/mklubben.no\/wp-content\/uploads\/2022\/10\/cropped-277750884_10160029533297953_2569884462980306071_n-1-1024x403.jpg 1024w, https:\/\/mklubben.no\/wp-content\/uploads\/2022\/10\/cropped-277750884_10160029533297953_2569884462980306071_n-1-768x302.jpg 768w, https:\/\/mklubben.no\/wp-content\/uploads\/2022\/10\/cropped-277750884_10160029533297953_2569884462980306071_n-1-1536x604.jpg 1536w, https:\/\/mklubben.no\/wp-content\/uploads\/2022\/10\/cropped-277750884_10160029533297953_2569884462980306071_n-1.jpg 2000w\" sizes=\"auto, (max-width: 633px) 100vw, 633px\" \/><figcaption id=\"caption-attachment-44\" class=\"wp-caption-text\">Fra jubileumsfesten, p\u00e5 M\u00e5nefisken, april 2022<\/figcaption><\/figure>\n<h4>Aktiviteter i Milj\u00f8klubben:<\/h4>\n<ul>\n<li>Sommerpils i juni og Julepils i desember<\/li>\n<li>Generalforsamling utenom det vanlige \u2013 etterfulgt av fest<br \/>\n(fra jubileumsGF &amp; fest, med skreddersydd kantate april 2022, <strong><a href=\"https:\/\/www.facebook.com\/559207952\/videos\/pcb.10158161189452271\/498673305216185\">HER <\/a>og<\/strong>\u00a0<a href=\"https:\/\/www.instagram.com\/p\/Cb03WJhIZa9\/\"><strong>HER<\/strong>)<\/a><\/li>\n<li>Ett til to treff per \u00e5r med faglig tilsnitt \u2013 siste treff var \u00abNHH kommer til Milj\u00f8klubben&raquo; i NHH\/AFF-bygget<\/li>\n<li>Vandreturer i Oslo &#8211; v\u00e5rt sportslige alibi<\/li>\n<li>Successjournalen to ganger per \u00e5r \u2013 v\u00e5rt eget medlemsblad med hovedvekt p\u00e5 Sladder &amp; Slikt, om medlemmer og nytt fra NHH<\/li>\n<\/ul>\n<figure id=\"attachment_222\" aria-describedby=\"caption-attachment-222\" style=\"width: 622px\" class=\"wp-caption alignnone\"><img loading=\"lazy\" decoding=\"async\" class=\"wp-image-222\" src=\"https:\/\/mklubben.no\/wp-content\/uploads\/2022\/10\/Samlet-300x143.png\" alt=\"\" width=\"622\" height=\"296\" srcset=\"https:\/\/mklubben.no\/wp-content\/uploads\/2022\/10\/Samlet-300x143.png 300w, https:\/\/mklubben.no\/wp-content\/uploads\/2022\/10\/Samlet.png 728w\" sizes=\"auto, (max-width: 622px) 100vw, 622px\" \/><figcaption id=\"caption-attachment-222\" class=\"wp-caption-text\">Successjournalen er unntatt offentligheten og sendes direkte til hvert medlem<\/figcaption><\/figure>\n<p>&nbsp;<\/p>\n","protected":false},"excerpt":{"rendered":"<p>Vi tilbyr f\u00f8rst og fremst en herlig m\u00f8teplass i Oslo, mest sosialt \u2013 av til litt faglig og noen sportslige. Det har vi gjort i over 40 \u00e5r. Aktiviteter i Milj\u00f8klubben: Sommerpils i juni og Julepils i desember Generalforsamling utenom det vanlige \u2013 etterfulgt av fest (fra jubileumsGF &amp; fest, med skreddersydd kantate april 2022, &hellip; <\/p>\n<p class=\"link-more\"><a href=\"https:\/\/mklubben.no\/?page_id=98\" class=\"more-link\">Fortsett \u00e5 lese<span class=\"screen-reader-text\"> \u00abFortsettelsen &#8211; dette gj\u00f8r vi n\u00e5\u00bb<\/span><\/a><\/p>\n","protected":false},"author":2,"featured_media":0,"parent":0,"menu_order":0,"comment_status":"closed","ping_status":"closed","template":"","meta":{"footnotes":""},"class_list":["post-98","page","type-page","status-publish","hentry"],"_links":{"self":[{"href":"https:\/\/mklubben.no\/index.php?rest_route=\/wp\/v2\/pages\/98","targetHints":{"allow":["GET"]}}],"collection":[{"href":"https:\/\/mklubben.no\/index.php?rest_route=\/wp\/v2\/pages"}],"about":[{"href":"https:\/\/mklubben.no\/index.php?rest_route=\/wp\/v2\/types\/page"}],"author":[{"embeddable":true,"href":"https:\/\/mklubben.no\/index.php?rest_route=\/wp\/v2\/users\/2"}],"replies":[{"embeddable":true,"href":"https:\/\/mklubben.no\/index.php?rest_route=%2Fwp%2Fv2%2Fcomments&post=98"}],"version-history":[{"count":41,"href":"https:\/\/mklubben.no\/index.php?rest_route=\/wp\/v2\/pages\/98\/revisions"}],"predecessor-version":[{"id":421,"href":"https:\/\/mklubben.no\/index.php?rest_route=\/wp\/v2\/pages\/98\/revisions\/421"}],"wp:attachment":[{"href":"https:\/\/mklubben.no\/index.php?rest_route=%2Fwp%2Fv2%2Fmedia&parent=98"}],"curies":[{"name":"wp","href":"https:\/\/api.w.org\/{rel}","templated":true}]}}